{"id":5420,"date":"2023-11-22T10:01:05","date_gmt":"2023-11-22T09:01:05","guid":{"rendered":"https:\/\/vaselection.com\/?post_type=product&#038;p=5420"},"modified":"2023-11-22T10:04:16","modified_gmt":"2023-11-22T09:04:16","slug":"essentia-mediterranea-and-matiska-refosk","status":"publish","type":"product","link":"https:\/\/vaselection.com\/en\/proizvod\/essentia-mediterranea-and-matiska-refosk\/","title":{"rendered":"Essentia Mediterranea and Mati\u0161ka Refo\u0161k"},"content":{"rendered":"","protected":false},"excerpt":{"rendered":"<p>A blend of olive oil and Refo\u0161k with a beautiful ruby \u200b\u200bcolor it will go well with homemade pasta with venison scabies<\/p>\n","protected":false},"featured_media":5422,"comment_status":"open","ping_status":"closed","template":"","meta":[],"product_cat":[25],"product_tag":[],"yst_prominent_words":[],"_links":{"self":[{"href":"https:\/\/vaselection.com\/en\/wp-json\/wp\/v2\/product\/5420"}],"collection":[{"href":"https:\/\/vaselection.com\/en\/wp-json\/wp\/v2\/product"}],"about":[{"href":"https:\/\/vaselection.com\/en\/wp-json\/wp\/v2\/types\/product"}],"replies":[{"embeddable":true,"href":"https:\/\/vaselection.com\/en\/wp-json\/wp\/v2\/comments?post=5420"}],"wp:featuredmedia":[{"embeddable":true,"href":"https:\/\/vaselection.com\/en\/wp-json\/wp\/v2\/media\/5422"}],"wp:attachment":[{"href":"https:\/\/vaselection.com\/en\/wp-json\/wp\/v2\/media?parent=5420"}],"wp:term":[{"taxonomy":"product_cat","embeddable":true,"href":"https:\/\/vaselection.com\/en\/wp-json\/wp\/v2\/product_cat?post=5420"},{"taxonomy":"product_tag","embeddable":true,"href":"https:\/\/vaselection.com\/en\/wp-json\/wp\/v2\/product_tag?post=5420"},{"taxonomy":"yst_prominent_words","embeddable":true,"href":"https:\/\/vaselection.com\/en\/wp-json\/wp\/v2\/yst_prominent_words?post=5420"}],"curies":[{"name":"wp","href":"https:\/\/api.w.org\/{rel}","templated":true}]}}