{"id":4186,"date":"2020-06-05T16:16:03","date_gmt":"2020-06-05T16:16:03","guid":{"rendered":"https:\/\/vaselection.com\/?page_id=4186"},"modified":"2025-07-11T15:15:41","modified_gmt":"2025-07-11T13:15:41","slug":"kontakt","status":"publish","type":"page","link":"https:\/\/vaselection.com\/hr\/kontakt\/","title":{"rendered":"Kontakt"},"content":{"rendered":"<div class=\"wpb-content-wrapper\"><p>[vc_row css=&#8221;.vc_custom_1557831430984{padding-top: 7em !important;}&#8221;][vc_column][vc_row_inner][vc_column_inner width=&#8221;1\/6&#8243;][\/vc_column_inner][vc_column_inner width=&#8221;2\/3&#8243; css=&#8221;.vc_custom_1557999318276{padding-right: 5% !important;padding-left: 5% !important;}&#8221;]\n\t<div class=\"title-subtitle-box  vc_custom_1591373853805\" style=\" text-align: center;\">\n\t\t<h5 style=\" font-style: normal;\" class=\"special-title\" >Ako \u017eelite saznati vi\u0161e o na\u0161im proizvodima ili \u017eelite posjetiti hotel ili maslinik, javite nam se putem kontakt detalja ispod<\/h5>\n\t<\/div> [\/vc_column_inner][vc_column_inner width=&#8221;1\/6&#8243;][\/vc_column_inner][\/vc_row_inner][vc_row_inner el_class=&#8221;kontakt-formular&#8221;][vc_column_inner width=&#8221;1\/3&#8243;][vc_icon icon_fontawesome=&#8221;fa fa-map-marker&#8221; color=&#8221;white&#8221; align=&#8221;center&#8221; css=&#8221;.vc_custom_1557998009021{margin-bottom: 0px !important;}&#8221;]\n\t<div class=\"gg-infobox  text-align-center vc_custom_1591373875022\" >\n\t\t<div class=\"infobox-title\" >Adresa<\/div>\n\t\t<div class=\"infobox-description\" style=\"color: #ffffff;\"><p><strong>Hotel Villa Annette<\/strong>, Ra\u0161ka 24<br \/>\nHR-52221 Rabac<br \/>\n<a href=\"https:\/\/www.google.com\/maps\/place\/Hotel+Villa+Annette\/@45.085889,14.1566549,15z\/data=!4m18!1m9!3m8!1s0x0:0x7b18cc76f6b31127!2sHotel+Villa+Annette!5m2!4m1!1i2!8m2!3d45.085889!4d14.1566549!3m7!1s0x0:0x7b18cc76f6b31127!5m2!4m1!1i2!8m2!3d45.085889!4d14.1566549\">Pogledaj kartu<\/a><\/p>\n<\/div>\n\t<\/div> [\/vc_column_inner][vc_column_inner width=&#8221;1\/3&#8243;][vc_icon icon_fontawesome=&#8221;fa fa-phone&#8221; color=&#8221;white&#8221; align=&#8221;center&#8221; css=&#8221;.vc_custom_1557998012459{margin-bottom: 0px !important;}&#8221;]\n\t<div class=\"gg-infobox  text-align-center vc_custom_1591373881528\" >\n\t\t<div class=\"infobox-title\" >Kontakt<\/div>\n\t\t<div class=\"infobox-description\" style=\"color: #ffffff;\"><p>+385 52 884 222<br \/>\nvilla.annette@pu.t-com.hr<\/p>\n<\/div>\n\t<\/div> [\/vc_column_inner][vc_column_inner width=&#8221;1\/3&#8243;][vc_icon icon_fontawesome=&#8221;fa fa-envelope-open-o&#8221; color=&#8221;white&#8221; align=&#8221;center&#8221; css=&#8221;.vc_custom_1557998017163{margin-bottom: 0px !important;}&#8221;]\n\t<div class=\"gg-infobox  text-align-center vc_custom_1591373940348\" >\n\t\t<div class=\"infobox-title\" >Pridru\u017ei se na\u0161oj mailing listi<\/div>\n\t\t<div class=\"infobox-description\" style=\"color: #ffffff;\"><p>Prvi saznaj za na\u0161e<br \/>\nposebne akcije<br \/>\n<a href=\"#\">Prijavi se<\/a><\/p>\n<\/div>\n\t<\/div> [\/vc_column_inner][\/vc_row_inner][\/vc_column][\/vc_row][vc_row el_class=&#8221;kontakt-formular-mobilno-01&#8243;][vc_column]\n\t<div class=\"title-subtitle-box  vc_custom_1591373964475\" style=\" text-align: center;\">\n\t\t<h2 style=\" font-style: normal;\" class=\"special-title\" >\n\t\t<span style=\"\">Javite se sa bilo kakvim pitanjima<\/span>Kontaktirajte nas<\/h2>\n\t\t<span class=\"gg-horizontal-line\"  ><\/span>\n\t<\/div> [vc_row_inner css=&#8221;.vc_custom_1559125794045{padding-bottom: 6em !important;}&#8221;][vc_column_inner width=&#8221;1\/6&#8243;][\/vc_column_inner][vc_column_inner width=&#8221;2\/3&#8243;]\n<div class=\"wpcf7 no-js\" id=\"wpcf7-f5-o1\" lang=\"en-US\" dir=\"ltr\">\n<div class=\"screen-reader-response\"><p role=\"status\" aria-live=\"polite\" aria-atomic=\"true\"><\/p> <ul><\/ul><\/div>\n<form action=\"\/hr\/wp-json\/wp\/v2\/pages\/4186#wpcf7-f5-o1\" method=\"post\" class=\"wpcf7-form init\" aria-label=\"Contact form\" novalidate=\"novalidate\" data-status=\"init\">\n<div style=\"display: none;\">\n<input type=\"hidden\" name=\"_wpcf7\" value=\"5\" \/>\n<input type=\"hidden\" name=\"_wpcf7_version\" value=\"5.9.8\" \/>\n<input type=\"hidden\" name=\"_wpcf7_locale\" value=\"en_US\" \/>\n<input type=\"hidden\" name=\"_wpcf7_unit_tag\" value=\"wpcf7-f5-o1\" \/>\n<input type=\"hidden\" name=\"_wpcf7_container_post\" value=\"0\" \/>\n<input type=\"hidden\" name=\"_wpcf7_posted_data_hash\" value=\"\" \/>\n<\/div>\n<p><label> Va\u0161e ime (obavezno)<br \/>\n<span class=\"wpcf7-form-control-wrap\" data-name=\"your-name\"><input size=\"40\" maxlength=\"400\" class=\"wpcf7-form-control wpcf7-text wpcf7-validates-as-required\" aria-required=\"true\" aria-invalid=\"false\" value=\"\" type=\"text\" name=\"your-name\" \/><\/span> <\/label>\n<\/p>\n<p><label> Va\u0161e email (obavezno)<br \/>\n<span class=\"wpcf7-form-control-wrap\" data-name=\"your-email\"><input size=\"40\" maxlength=\"400\" class=\"wpcf7-form-control wpcf7-email wpcf7-validates-as-required wpcf7-text wpcf7-validates-as-email\" aria-required=\"true\" aria-invalid=\"false\" value=\"\" type=\"email\" name=\"your-email\" \/><\/span> <\/label>\n<\/p>\n<p><label> Naslov<br \/>\n<span class=\"wpcf7-form-control-wrap\" data-name=\"your-subject\"><input size=\"40\" maxlength=\"400\" class=\"wpcf7-form-control wpcf7-text\" aria-invalid=\"false\" value=\"\" type=\"text\" name=\"your-subject\" \/><\/span> <\/label>\n<\/p>\n<p><label> Va\u0161a poruka<br \/>\n<span class=\"wpcf7-form-control-wrap\" data-name=\"your-message\"><textarea cols=\"40\" rows=\"10\" maxlength=\"2000\" class=\"wpcf7-form-control wpcf7-textarea\" aria-invalid=\"false\" name=\"your-message\"><\/textarea><\/span> <\/label>\n<\/p>\n<p><span class=\"wpcf7-form-control-wrap\" data-name=\"checkbox-577\"><span class=\"wpcf7-form-control wpcf7-checkbox wpcf7-validates-as-required\"><span class=\"wpcf7-list-item first last\"><input type=\"checkbox\" name=\"checkbox-577[]\" value=\"Kliknite ovdje kako biste potvrdili da se sla\u017eete sa na\u0161om politikom privatnosti\" \/><span class=\"wpcf7-list-item-label\">Kliknite ovdje kako biste potvrdili da se sla\u017eete sa na\u0161om politikom privatnosti<\/span><\/span><\/span><\/span><br \/>\n<span id=\"vaselection\" class=\"wpcf7-form-control-wrap vaselection-283-wrap\" style=\"display:none !important; visibility:hidden !important;\"><input type=\"hidden\" name=\"vaselection-283-time-start\" value=\"1776535744\"><input type=\"hidden\" name=\"vaselection-283-time-check\" value=\"4\"><input id=\"vaselection\"  placeholder=\"vaselection\"  class=\"wpcf7-form-control wpcf7-text vaselection\" type=\"text\" name=\"vaselection-283\" value=\"\" size=\"40\" tabindex=\"-1\" autocomplete=\"off\" \/><\/span>\n<\/p>\n<p><input class=\"wpcf7-form-control wpcf7-submit has-spinner\" type=\"submit\" value=\"Po\u0161alji\" \/>\n<\/p><p style=\"display: none !important;\" class=\"akismet-fields-container\" data-prefix=\"_wpcf7_ak_\"><label>&#916;<textarea name=\"_wpcf7_ak_hp_textarea\" cols=\"45\" rows=\"8\" maxlength=\"100\"><\/textarea><\/label><input type=\"hidden\" id=\"ak_js_1\" name=\"_wpcf7_ak_js\" value=\"12\"\/><script>document.getElementById( \"ak_js_1\" ).setAttribute( \"value\", ( new Date() ).getTime() );<\/script><\/p><div class=\"wpcf7-response-output\" aria-hidden=\"true\"><\/div>\n<\/form>\n<\/div>\n[\/vc_column_inner][vc_column_inner width=&#8221;1\/6&#8243;][\/vc_column_inner][\/vc_row_inner][\/vc_column][\/vc_row][vc_row full_width=&#8221;stretch_row_content_no_spaces&#8221;][vc_column][vc_gmaps link=&#8221;#E-8_JTNDaWZyYW1lJTIwc3JjJTNEJTIyaHR0cHMlM0ElMkYlMkZ3d3cuZ29vZ2xlLmNvbSUyRm1hcHMlMkZlbWJlZCUzRnBiJTNEJTIxMW0xNCUyMTFtOCUyMTFtMyUyMTFkMzAzNDY1Ljc1MjIzMTczNTUlMjEyZDE0LjEzODE5MTQ0MzAyMDM4JTIxM2Q0NS4wMzcwNDA0NDU0MDY3MyUyMTNtMiUyMTFpMTAyNCUyMTJpNzY4JTIxNGYxMy4xJTIxM20zJTIxMW0yJTIxMXMweDAlMjUzQTB4N2IxOGNjNzZmNmIzMTEyNyUyMTJzSG90ZWwlMjUyMFZpbGxhJTI1MjBBbm5ldHRlJTIxNWUwJTIxM20yJTIxMXNociUyMTJzaHIlMjE0djE1OTA3MzE1MDkyMTklMjE1bTIlMjExc2hyJTIxMnNociUyMiUyMHdpZHRoJTNEJTIyNjAwJTIyJTIwaGVpZ2h0JTNEJTIyNDUwJTIyJTIwZnJhbWVib3JkZXIlM0QlMjIwJTIyJTIwc3R5bGUlM0QlMjJib3JkZXIlM0EwJTNCJTIyJTIwYWxsb3dmdWxsc2NyZWVuJTNEJTIyJTIyJTIwYXJpYS1oaWRkZW4lM0QlMjJmYWxzZSUyMiUyMHRhYmluZGV4JTNEJTIyMCUyMiUzRSUzQyUyRmlmcmFtZSUzRQ==&#8221; css=&#8221;.vc_custom_1590731518824{margin-bottom: 0px !important;}&#8221; el_class=&#8221;black-and-white-filter&#8221;][\/vc_column][\/vc_row]<\/p>\n<\/div>","protected":false},"excerpt":{"rendered":"<p>[vc_row css=&#8221;.vc_custom_1557831430984{padding-top: 7em !important;}&#8221;][vc_column][vc_row_inner][vc_column_inner width=&#8221;1\/6&#8243;][\/vc_column_inner][vc_column_inner width=&#8221;2\/3&#8243; css=&#8221;.vc_custom_1557999318276{padding-right: 5% !important;padding-left: 5% !important;}&#8221;][\/vc_column_inner][vc_column_inner width=&#8221;1\/6&#8243;][\/vc_column_inner][\/vc_row_inner][vc_row_inner el_class=&#8221;kontakt-formular&#8221;][vc_column_inner width=&#8221;1\/3&#8243;][vc_icon icon_fontawesome=&#8221;fa fa-map-marker&#8221; color=&#8221;white&#8221; align=&#8221;center&#8221; css=&#8221;.vc_custom_1557998009021{margin-bottom: 0px !important;}&#8221;][\/vc_column_inner][vc_column_inner width=&#8221;1\/3&#8243;][vc_icon icon_fontawesome=&#8221;fa fa-phone&#8221; color=&#8221;white&#8221; align=&#8221;center&#8221; css=&#8221;.vc_custom_1557998012459{margin-bottom: 0px !important;}&#8221;][\/vc_column_inner][vc_column_inner width=&#8221;1\/3&#8243;][vc_icon icon_fontawesome=&#8221;fa fa-envelope-open-o&#8221; color=&#8221;white&#8221; align=&#8221;center&#8221; css=&#8221;.vc_custom_1557998017163{margin-bottom: 0px !important;}&#8221;][\/vc_column_inner][\/vc_row_inner][\/vc_column][\/vc_row][vc_row el_class=&#8221;kontakt-formular-mobilno-01&#8243;][vc_column][vc_row_inner css=&#8221;.vc_custom_1559125794045{padding-bottom: 6em !important;}&#8221;][vc_column_inner width=&#8221;1\/6&#8243;][\/vc_column_inner][vc_column_inner width=&#8221;2\/3&#8243;][\/vc_column_inner][vc_column_inner width=&#8221;1\/6&#8243;][\/vc_column_inner][\/vc_row_inner][\/vc_column][\/vc_row][vc_row full_width=&#8221;stretch_row_content_no_spaces&#8221;][vc_column][vc_gmaps link=&#8221;#E-8_JTNDaWZyYW1lJTIwc3JjJTNEJTIyaHR0cHMlM0ElMkYlMkZ3d3cuZ29vZ2xlLmNvbSUyRm1hcHMlMkZlbWJlZCUzRnBiJTNEJTIxMW0xNCUyMTFtOCUyMTFtMyUyMTFkMzAzNDY1Ljc1MjIzMTczNTUlMjEyZDE0LjEzODE5MTQ0MzAyMDM4JTIxM2Q0NS4wMzcwNDA0NDU0MDY3MyUyMTNtMiUyMTFpMTAyNCUyMTJpNzY4JTIxNGYxMy4xJTIxM20zJTIxMW0yJTIxMXMweDAlMjUzQTB4N2IxOGNjNzZmNmIzMTEyNyUyMTJzSG90ZWwlMjUyMFZpbGxhJTI1MjBBbm5ldHRlJTIxNWUwJTIxM20yJTIxMXNociUyMTJzaHIlMjE0djE1OTA3MzE1MDkyMTklMjE1bTIlMjExc2hyJTIxMnNociUyMiUyMHdpZHRoJTNEJTIyNjAwJTIyJTIwaGVpZ2h0JTNEJTIyNDUwJTIyJTIwZnJhbWVib3JkZXIlM0QlMjIwJTIyJTIwc3R5bGUlM0QlMjJib3JkZXIlM0EwJTNCJTIyJTIwYWxsb3dmdWxsc2NyZWVuJTNEJTIyJTIyJTIwYXJpYS1oaWRkZW4lM0QlMjJmYWxzZSUyMiUyMHRhYmluZGV4JTNEJTIyMCUyMiUzRSUzQyUyRmlmcmFtZSUzRQ==&#8221; css=&#8221;.vc_custom_1590731518824{margin-bottom: 0px !important;}&#8221; el_class=&#8221;black-and-white-filter&#8221;][\/vc_column][\/vc_row]<\/p>\n","protected":false},"author":41,"featured_media":0,"parent":0,"menu_order":0,"comment_status":"closed","ping_status":"closed","template":"","meta":{"footnotes":""},"yst_prominent_words":[175,223,226,224,152,225,222],"_links":{"self":[{"href":"https:\/\/vaselection.com\/hr\/wp-json\/wp\/v2\/pages\/4186"}],"collection":[{"href":"https:\/\/vaselection.com\/hr\/wp-json\/wp\/v2\/pages"}],"about":[{"href":"https:\/\/vaselection.com\/hr\/wp-json\/wp\/v2\/types\/page"}],"author":[{"embeddable":true,"href":"https:\/\/vaselection.com\/hr\/wp-json\/wp\/v2\/users\/41"}],"replies":[{"embeddable":true,"href":"https:\/\/vaselection.com\/hr\/wp-json\/wp\/v2\/comments?post=4186"}],"version-history":[{"count":1,"href":"https:\/\/vaselection.com\/hr\/wp-json\/wp\/v2\/pages\/4186\/revisions"}],"predecessor-version":[{"id":5467,"href":"https:\/\/vaselection.com\/hr\/wp-json\/wp\/v2\/pages\/4186\/revisions\/5467"}],"wp:attachment":[{"href":"https:\/\/vaselection.com\/hr\/wp-json\/wp\/v2\/media?parent=4186"}],"wp:term":[{"taxonomy":"yst_prominent_words","embeddable":true,"href":"https:\/\/vaselection.com\/hr\/wp-json\/wp\/v2\/yst_prominent_words?post=4186"}],"curies":[{"name":"wp","href":"https:\/\/api.w.org\/{rel}","templated":true}]}}