{"id":4206,"date":"2020-06-05T17:17:27","date_gmt":"2020-06-05T17:17:27","guid":{"rendered":"https:\/\/vaselection.com\/?page_id=4206"},"modified":"2023-06-09T14:36:46","modified_gmt":"2023-06-09T12:36:46","slug":"maslinik-i-ulje","status":"publish","type":"page","link":"https:\/\/vaselection.com\/hr\/maslinik-i-ulje\/","title":{"rendered":"Maslinik i ulje"},"content":{"rendered":"<div class=\"wpb-content-wrapper\"><p>[vc_row full_width=&#8221;stretch_row&#8221; equal_height=&#8221;yes&#8221; css=&#8221;.vc_custom_1601560642875{padding-top: 7em !important;padding-right: 10% !important;padding-bottom: 7em !important;padding-left: 10% !important;background-color: #ffffff !important;}&#8221;][vc_column css=&#8221;.vc_custom_1559125340011{padding-right: 20% !important;padding-left: 20% !important;}&#8221; offset=&#8221;vc_col-lg-3&#8243;][\/vc_column][vc_column css=&#8221;.vc_custom_1601560607043{padding-top: 10% !important;padding-right: 10% !important;padding-bottom: 10% !important;padding-left: 10% !important;background-image: url(https:\/\/vaselection.com\/wp-content\/uploads\/2020\/10\/topography-2.jpg?id=4684) !important;background-position: center !important;background-repeat: no-repeat !important;background-size: cover !important;}&#8221; offset=&#8221;vc_col-lg-6&#8243;]\n\t<div class=\"title-subtitle-box  \" style=\" text-align: left;\">\n\t\t<h1 style=\" font-style: normal;\" class=\"special-title\" >Stvorena sa stra\u0161\u0107u, tradicijom i po\u0161tovanjem prema zemlji<\/h1>\n\t\t<span class=\"gg-horizontal-line\"  ><\/span>\n\t\t<div class=\"box-description\"><p>Dugogodi\u0161nje ljubavi, obiteljske tradicije i stoljetne masline koje okru\u017euju Hotel Annette obitelji Per\u0161i\u0107 sve se to spojilo kako bi se proizvelo zeleno-zlatno maslinovo ulje pod prepoznatljivim imenom <strong>Villa Annette Selection.<\/strong><\/p>\n<\/div>\n\t<\/div> [\/vc_column][vc_column css=&#8221;.vc_custom_1559125377375{padding-right: 10% !important;padding-left: 10% !important;}&#8221; offset=&#8221;vc_col-lg-3&#8243;][\/vc_column][\/vc_row][vc_row full_width=&#8221;stretch_row&#8221; el_class=&#8221;half-height-white-background&#8221;][vc_column]\n\t<div class=\"\">\n\t<div class=\"gg-media-carousel\">\n\t\t<div class=\"swiper-container\" data-uid=\"swiper-1198260554\"  data-slidesperview =\"auto\" data-slidespercolumn =\"1\" data-spacebetween =\"0\" data-initialslide =\"0\" data-direction =\"horizontal\" data-speed =\"300\" data-loop =\"true\" data-centeredslides =\"false\" data-effect =\"slide\" data-autoplay =\"\" data-paginationtype =\"bullets\"  >\n\t\t\t<div class=\"swiper-wrapper\"><div class=\"swiper-slide\"><img loading=\"lazy\" decoding=\"async\" width=\"1136\" height=\"568\" src=\"https:\/\/vaselection.com\/wp-content\/uploads\/2020\/06\/villa-annette-selection-tko-smo-mi-07.jpg\" class=\"attachment-full\" alt=\"\" title=\"villa-annette-selection-tko-smo-mi-07\" srcset=\"https:\/\/vaselection.com\/wp-content\/uploads\/2020\/06\/villa-annette-selection-tko-smo-mi-07.jpg 1136w, https:\/\/vaselection.com\/wp-content\/uploads\/2020\/06\/villa-annette-selection-tko-smo-mi-07-300x150.jpg 300w, https:\/\/vaselection.com\/wp-content\/uploads\/2020\/06\/villa-annette-selection-tko-smo-mi-07-1024x512.jpg 1024w, https:\/\/vaselection.com\/wp-content\/uploads\/2020\/06\/villa-annette-selection-tko-smo-mi-07-768x384.jpg 768w\" sizes=\"(max-width: 1136px) 100vw, 1136px\" \/><\/div><div class=\"swiper-slide\"><img loading=\"lazy\" decoding=\"async\" width=\"1136\" height=\"568\" src=\"https:\/\/vaselection.com\/wp-content\/uploads\/2020\/06\/villa-annette-selection-tko-smo-mi-06.jpg\" class=\"attachment-full\" alt=\"\" title=\"villa-annette-selection-tko-smo-mi-06\" srcset=\"https:\/\/vaselection.com\/wp-content\/uploads\/2020\/06\/villa-annette-selection-tko-smo-mi-06.jpg 1136w, https:\/\/vaselection.com\/wp-content\/uploads\/2020\/06\/villa-annette-selection-tko-smo-mi-06-300x150.jpg 300w, https:\/\/vaselection.com\/wp-content\/uploads\/2020\/06\/villa-annette-selection-tko-smo-mi-06-1024x512.jpg 1024w, https:\/\/vaselection.com\/wp-content\/uploads\/2020\/06\/villa-annette-selection-tko-smo-mi-06-768x384.jpg 768w\" sizes=\"(max-width: 1136px) 100vw, 1136px\" \/><\/div><div class=\"swiper-slide\"><img loading=\"lazy\" decoding=\"async\" width=\"1136\" height=\"568\" src=\"https:\/\/vaselection.com\/wp-content\/uploads\/2020\/06\/villa-annette-selection-tko-smo-mi-03.jpg\" class=\"attachment-full\" alt=\"\" title=\"villa-annette-selection-tko-smo-mi-03\" srcset=\"https:\/\/vaselection.com\/wp-content\/uploads\/2020\/06\/villa-annette-selection-tko-smo-mi-03.jpg 1136w, https:\/\/vaselection.com\/wp-content\/uploads\/2020\/06\/villa-annette-selection-tko-smo-mi-03-300x150.jpg 300w, https:\/\/vaselection.com\/wp-content\/uploads\/2020\/06\/villa-annette-selection-tko-smo-mi-03-1024x512.jpg 1024w, https:\/\/vaselection.com\/wp-content\/uploads\/2020\/06\/villa-annette-selection-tko-smo-mi-03-768x384.jpg 768w\" sizes=\"(max-width: 1136px) 100vw, 1136px\" \/><\/div><div class=\"swiper-slide\"><img loading=\"lazy\" decoding=\"async\" width=\"1136\" height=\"568\" src=\"https:\/\/vaselection.com\/wp-content\/uploads\/2020\/06\/villa-annette-selection-tko-smo-mi-08.jpg\" class=\"attachment-full\" alt=\"\" title=\"villa-annette-selection-tko-smo-mi-08\" srcset=\"https:\/\/vaselection.com\/wp-content\/uploads\/2020\/06\/villa-annette-selection-tko-smo-mi-08.jpg 1136w, https:\/\/vaselection.com\/wp-content\/uploads\/2020\/06\/villa-annette-selection-tko-smo-mi-08-300x150.jpg 300w, https:\/\/vaselection.com\/wp-content\/uploads\/2020\/06\/villa-annette-selection-tko-smo-mi-08-1024x512.jpg 1024w, https:\/\/vaselection.com\/wp-content\/uploads\/2020\/06\/villa-annette-selection-tko-smo-mi-08-768x384.jpg 768w\" sizes=\"(max-width: 1136px) 100vw, 1136px\" \/><\/div><div class=\"swiper-slide\"><img loading=\"lazy\" decoding=\"async\" width=\"1136\" height=\"568\" src=\"https:\/\/vaselection.com\/wp-content\/uploads\/2020\/06\/villa-annette-selection-tko-smo-mi-02.jpg\" class=\"attachment-full\" alt=\"\" title=\"villa-annette-selection-tko-smo-mi-02\" srcset=\"https:\/\/vaselection.com\/wp-content\/uploads\/2020\/06\/villa-annette-selection-tko-smo-mi-02.jpg 1136w, https:\/\/vaselection.com\/wp-content\/uploads\/2020\/06\/villa-annette-selection-tko-smo-mi-02-300x150.jpg 300w, https:\/\/vaselection.com\/wp-content\/uploads\/2020\/06\/villa-annette-selection-tko-smo-mi-02-1024x512.jpg 1024w, https:\/\/vaselection.com\/wp-content\/uploads\/2020\/06\/villa-annette-selection-tko-smo-mi-02-768x384.jpg 768w\" sizes=\"(max-width: 1136px) 100vw, 1136px\" \/><\/div>\n\t\t\t<\/div>\n\t\t<\/div>\n\t\t<div id=\"pagination-swiper-1198260554\" class=\"swiper-pagination\"><\/div>\n\t\t<div class=\"media-button-container swiper-nav-container\">\n\t\t<div id=\"btn-next-swiper-1198260554\" class=\"swiper-nav-next\"><svg id=\"swiper-arrow-right\" viewBox=\"0 0 50 12\" width=\"100%\" height=\"100%\"><path fill-rule=\"evenodd\" d=\"M48.078 6.096H.008v.966h48.07l-4.254 4.255.683.683 5.541-5.538L44.507.924l-.683.683z\"><\/path><\/svg><\/div>\n\t\t<div id=\"btn-prev-swiper-1198260554\" class=\"swiper-nav-prev\"><svg id=\"swiper-arrow-left\" viewBox=\"0 0 50 12\" width=\"100%\" height=\"100%\"><path fill-rule=\"evenodd\" d=\"M1.922 5.904h48.07v-.966H1.922L6.176.683 5.493 0-.048 5.538l5.541 5.538.683-.683z\"><\/path><\/svg><\/div>\n\t\t<\/div>\n\t<\/div>\n\t<\/div>[\/vc_column][\/vc_row][vc_row css=&#8221;.vc_custom_1601560772742{padding-top: 7em !important;padding-bottom: 7em !important;}&#8221;][vc_column width=&#8221;1\/4&#8243;][\/vc_column][vc_column width=&#8221;1\/2&#8243; css=&#8221;.vc_custom_1601560765178{background-position: center !important;background-repeat: no-repeat !important;background-size: cover !important;}&#8221;]\n\t<div class=\"title-subtitle-box  \" style=\" text-align: center;\">\n\t\t<h1 style=\" font-style: normal;\" class=\"special-title\" >Lokalna polja<\/h1>\n\t\t<span class=\"gg-horizontal-line\"  ><\/span>\n\t\t<div class=\"box-description\"><p style=\"text-align: center;\">Uzgajamo na\u0161e masline u blagom mediteranskom podneblju istarske regije \u0161to im daje onaj poseban okus po kojem smo postali poznati<\/p>\n<\/div>\n\t<\/div> [\/vc_column][vc_column width=&#8221;1\/4&#8243;][\/vc_column][\/vc_row][vc_row full_width=&#8221;stretch_row&#8221; el_class=&#8221;half-height-black-background bottom&#8221;][vc_column][vc_tta_tabs style=&#8221;flat&#8221; shape=&#8221;square&#8221; color=&#8221;black&#8221; spacing=&#8221;30&#8243; alignment=&#8221;center&#8221; active_section=&#8221;1&#8243;][vc_tta_section title=&#8221;Rabac&#8221; tab_id=&#8221;1557055624269-f15c6c41-1545&#8243;][vc_row_inner equal_height=&#8221;yes&#8221; content_placement=&#8221;middle&#8221;][vc_column_inner width=&#8221;1\/2&#8243;]\n\t<div class=\"title-subtitle-box  vc_custom_1609266644769\" style=\" text-align: left;\">\n\t\t<h3 style=\" font-style: normal;\" class=\"special-title\" >\n\t\t<span style=\"\">Na\u0161 ponos<\/span>Maslenik Rabac<\/h3>\n\t\t<div class=\"box-description\"><p>Na\u0161e masline na polju u Rapcu su stare izme\u0111u 8 i 9 godina \u0161to ih \u010dini savr\u0161enim za kvalitetno maslinovo ulje.<\/p>\n<\/div>\n\t<\/div> <div class=\"gg-horizontal-list \"><p class=\"subtitle\"><\/p><dl class=\"dl-flex\">\n\t<dt >Regija<\/dt>\n\t<dd >Istra<\/dd>\n\t<dt >Visina<\/dt>\n\t<dd >150m<\/dd>\n\t<dt >Geografska \u0161irina<\/dt>\n\t<dd >45.086830<\/dd>\n\t<dt >Geografska du\u017eina<\/dt>\n\t<dd >14.156118<\/dd>\n\t<dt >Kulture<\/dt>\n\t<dd >Istarska bjelica, Crnica, Oblica<\/dd>\n\t<dt >Klima<\/dt>\n\t<dd >Topla i sun\u010dana sa preko 260 sun\u010danih dana<\/dd>\n\t<dt >Zemlja<\/dt>\n\t<dd >Plodna zemlja na gorskom terenu<\/dd><\/dl><\/div>[\/vc_column_inner][vc_column_inner width=&#8221;1\/2&#8243;][vc_single_image image=&#8221;4003&#8243; img_size=&#8221;full&#8221; css=&#8221;.vc_custom_1590670732721{margin-bottom: 0px !important;padding-top: 5% !important;padding-right: 5% !important;padding-bottom: 5% !important;padding-left: 5% !important;}&#8221;][\/vc_column_inner][\/vc_row_inner][\/vc_tta_section][\/vc_tta_tabs][\/vc_column][\/vc_row][vc_section full_width=&#8221;stretch_row&#8221; css=&#8221;.vc_custom_1601560838335{padding-top: 7em !important;background-color: #17181a !important;}&#8221;][vc_row][vc_column el_class=&#8221;subtitle-maslinik&#8221;]\n\t<div class=\"title-subtitle-box  \" style=\" text-align: left;\">\n\t\t<h1 style=\" color:#ffffff;  font-style: normal;\" class=\"special-title\" >Otkrij vi\u0161e<\/h1>\n\t\t<span class=\"gg-horizontal-line\"  ><\/span>\n\t<\/div> [\/vc_column][\/vc_row][vc_row full_width=&#8221;stretch_row&#8221; css=&#8221;.vc_custom_1558089576885{margin-top: 6em !important;margin-bottom: 7em !important;}&#8221;][vc_column width=&#8221;1\/4&#8243;]\n\t<div class=\"counter-wrapper  text-align-left  \">\n\t\t\t<div class=\"counter-content\">\n\t\t\t<div class=\"counter-number\">\n\t\t\t\t<span style=\" font-size:60px; color:#ffffff;\" class=\"counter\" data-number=\"4\" data-interval=\"100\" data-speed=\"1500\">4<\/span>\n\t\t\t\t\n\t\t\t\t<\/div>\n\t\t\t\t<span class=\"counter-title\" >Jutra zemlje<\/span>\n\t\t\t<\/div>\n\t<\/div> [\/vc_column][vc_column width=&#8221;1\/4&#8243;]\n\t<div class=\"counter-wrapper  text-align-left  \">\n\t\t\t<div class=\"counter-content\">\n\t\t\t<div class=\"counter-number\">\n\t\t\t\t<span style=\" font-size:60px; color:#ffffff;\" class=\"counter\" data-number=\"780\" data-interval=\"100\" data-speed=\"1500\">780<\/span>\n\t\t\t\t<span class=\"number-suffix\">mm<\/span>\n\t\t\t\t<\/div>\n\t\t\t\t<span class=\"counter-title\" >Godi\u0161njih padalina<\/span>\n\t\t\t<\/div>\n\t<\/div> [\/vc_column][vc_column width=&#8221;1\/4&#8243;]\n\t<div class=\"counter-wrapper  text-align-left  \">\n\t\t\t<div class=\"counter-content\">\n\t\t\t<div class=\"counter-number\">\n\t\t\t\t<span style=\" font-size:60px; color:#ffffff;\" class=\"counter\" data-number=\"18\" data-interval=\"100\" data-speed=\"1500\">18<\/span>\n\t\t\t\t<span class=\"number-suffix\">stupnjeva<\/span>\n\t\t\t\t<\/div>\n\t\t\t\t<span class=\"counter-title\" >prosje\u010dna temperatura<\/span>\n\t\t\t<\/div>\n\t<\/div> [\/vc_column][vc_column width=&#8221;1\/4&#8243;]\n\t<div class=\"counter-wrapper  text-align-left  \">\n\t\t\t<div class=\"counter-content\">\n\t\t\t<div class=\"counter-number\">\n\t\t\t\t<span style=\" font-size:60px; color:#ffffff;\" class=\"counter\" data-number=\"4\" data-interval=\"100\" data-speed=\"1500\">4<\/span>\n\t\t\t\t\n\t\t\t\t<\/div>\n\t\t\t\t<span class=\"counter-title\" >Sorte<\/span>\n\t\t\t<\/div>\n\t<\/div> [\/vc_column][\/vc_row][vc_row content_placement=&#8221;middle&#8221; video_bg=&#8221;yes&#8221; video_bg_url=&#8221;https:\/\/www.youtube.com\/watch?v=Gaz9d4IcBjs&#8221; css=&#8221;.vc_custom_1686314194903{margin-bottom: 10em !important;padding-top: 15em !important;padding-bottom: 20em !important;background-color: #17181a !important;}&#8221; el_class=&#8221;video-container-olive&#8221;][vc_column][\/vc_column][\/vc_row][\/vc_section]<\/p>\n<\/div>","protected":false},"excerpt":{"rendered":"<p>[vc_row full_width=&#8221;stretch_row&#8221; equal_height=&#8221;yes&#8221; css=&#8221;.vc_custom_1601560642875{padding-top: 7em !important;padding-right: 10% !important;padding-bottom: 7em !important;padding-left: 10% !important;background-color: #ffffff !important;}&#8221;][vc_column css=&#8221;.vc_custom_1559125340011{padding-right: 20% !important;padding-left: 20% !important;}&#8221; offset=&#8221;vc_col-lg-3&#8243;][\/vc_column][vc_column css=&#8221;.vc_custom_1601560607043{padding-top: 10% !important;padding-right: 10% !important;padding-bottom: 10% !important;padding-left: 10% !important;background-image: url(https:\/\/vaselection.com\/wp-content\/uploads\/2020\/10\/topography-2.jpg?id=4684) !important;background-position: center !important;background-repeat: no-repeat !important;background-size: cover !important;}&#8221; offset=&#8221;vc_col-lg-6&#8243;][\/vc_column][vc_column css=&#8221;.vc_custom_1559125377375{padding-right: 10% !important;padding-left: 10% !important;}&#8221; offset=&#8221;vc_col-lg-3&#8243;][\/vc_column][\/vc_row][vc_row full_width=&#8221;stretch_row&#8221; el_class=&#8221;half-height-white-background&#8221;][vc_column][\/vc_column][\/vc_row][vc_row css=&#8221;.vc_custom_1601560772742{padding-top: 7em !important;padding-bottom: 7em !important;}&#8221;][vc_column width=&#8221;1\/4&#8243;][\/vc_column][vc_column width=&#8221;1\/2&#8243; css=&#8221;.vc_custom_1601560765178{background-position: center<\/p>\n<p class=\"more-link-wrapper\"><a class=\"btn btn-primary\" href=\"https:\/\/vaselection.com\/hr\/maslinik-i-ulje\/\">Saznaj vi\u0161e<\/a><\/p>\n","protected":false},"author":41,"featured_media":4156,"parent":0,"menu_order":0,"comment_status":"closed","ping_status":"closed","template":"","meta":{"footnotes":""},"yst_prominent_words":[180,178,68,78,112,184,185,179,121],"_links":{"self":[{"href":"https:\/\/vaselection.com\/hr\/wp-json\/wp\/v2\/pages\/4206"}],"collection":[{"href":"https:\/\/vaselection.com\/hr\/wp-json\/wp\/v2\/pages"}],"about":[{"href":"https:\/\/vaselection.com\/hr\/wp-json\/wp\/v2\/types\/page"}],"author":[{"embeddable":true,"href":"https:\/\/vaselection.com\/hr\/wp-json\/wp\/v2\/users\/41"}],"replies":[{"embeddable":true,"href":"https:\/\/vaselection.com\/hr\/wp-json\/wp\/v2\/comments?post=4206"}],"version-history":[{"count":1,"href":"https:\/\/vaselection.com\/hr\/wp-json\/wp\/v2\/pages\/4206\/revisions"}],"predecessor-version":[{"id":5399,"href":"https:\/\/vaselection.com\/hr\/wp-json\/wp\/v2\/pages\/4206\/revisions\/5399"}],"wp:featuredmedia":[{"embeddable":true,"href":"https:\/\/vaselection.com\/hr\/wp-json\/wp\/v2\/media\/4156"}],"wp:attachment":[{"href":"https:\/\/vaselection.com\/hr\/wp-json\/wp\/v2\/media?parent=4206"}],"wp:term":[{"taxonomy":"yst_prominent_words","embeddable":true,"href":"https:\/\/vaselection.com\/hr\/wp-json\/wp\/v2\/yst_prominent_words?post=4206"}],"curies":[{"name":"wp","href":"https:\/\/api.w.org\/{rel}","templated":true}]}}