{"id":4212,"date":"2020-06-05T17:19:09","date_gmt":"2020-06-05T17:19:09","guid":{"rendered":"https:\/\/vaselection.com\/?page_id=4212"},"modified":"2021-02-19T22:57:08","modified_gmt":"2021-02-19T21:57:08","slug":"tko-smo-mi","status":"publish","type":"page","link":"https:\/\/vaselection.com\/hr\/tko-smo-mi\/","title":{"rendered":"Tko smo mi?"},"content":{"rendered":"<div class=\"wpb-content-wrapper\"><p>[vc_row equal_height=&#8221;yes&#8221; rtl_reverse=&#8221;yes&#8221; css=&#8221;.vc_custom_1601576652621{padding-top: 7em !important;padding-bottom: 7em !important;}&#8221; el_id=&#8221;desktop-only&#8221;][vc_column width=&#8221;1\/2&#8243; css=&#8221;.vc_custom_1556998344355{padding: 0px !important;}&#8221;][vc_single_image image=&#8221;3973&#8243; img_size=&#8221;full&#8221; css=&#8221;.vc_custom_1590605267767{margin-bottom: 0px !important;}&#8221; el_class=&#8221;vs-div&#8221;][\/vc_column][vc_column width=&#8221;1\/2&#8243; css=&#8221;.vc_custom_1603724480862{padding-top: 15% !important;padding-right: 15% !important;padding-bottom: 15% !important;padding-left: 15% !important;}&#8221;]\n\t<div class=\"title-subtitle-box  \" style=\" text-align: left;\">\n\t\t<h1 style=\" font-style: normal;\" class=\"special-title\" >\n\t\t<span style=\"\">Mi smo<\/span>Proizvo\u0111a\u010di sjajnog maslinovog ulja<\/h1>\n\t\t<span class=\"gg-horizontal-line\"  ><\/span>\n\t\t<div class=\"box-description\"><p>Dugogodi\u0161nje ljubavi, obiteljske tradicije i stoljetne masline koje okru\u017euju Hotel Annette obitelji Persi\u0107 sve se to spojilo kako bi se proizvelo zeleno-zlatno maslinovo ulje pod prepoznatljivim imenom <strong>Villa Annette Selection.<\/strong><\/p>\n<p>Na\u0161e najprepoznatljivije maslinovo ulje je na\u0161 brend zvan Essentia Mediterranea. Frantoio, Leccino, i Bu\u017ea su dio ovog brenda. Maslinova ulja <strong>Villa Annette Selection<\/strong> su nezamjenjiv dodatak svim kulinarskim delikatesama.<\/p>\n<\/div><div class=\"gg-special-button-wrapper  special-button-align-left special-button-style-btn-primary\"><a class=\"btn btn-primary\" href=\"https:\/\/vaselection.comtrgovina\/\" title=\"Pogledajte\" target=\"_self\">Pogledajte<\/a><\/div>\n\t<\/div> [\/vc_column][\/vc_row][vc_row equal_height=&#8221;yes&#8221; rtl_reverse=&#8221;yes&#8221; el_id=&#8221;mobile-only&#8221;][vc_column width=&#8221;1\/2&#8243; css=&#8221;.vc_custom_1601561463471{padding-top: 15% !important;padding-right: 15% !important;padding-bottom: 15% !important;padding-left: 15% !important;background: #ffffff url(https:\/\/vaselection.com\/wp-content\/uploads\/2020\/10\/logooliveoil1-Converted.png?id=4695) !important;}&#8221;]\n\t<div class=\"title-subtitle-box  \" style=\" text-align: left;\">\n\t\t<h1 style=\" font-style: normal;\" class=\"special-title\" >\n\t\t<span style=\"\">Mi smo<\/span>Proizvo\u0111a\u010di sjajnog maslinovog ulja<\/h1>\n\t\t<span class=\"gg-horizontal-line\"  ><\/span>\n\t\t<div class=\"box-description\"><p>Dugogodi\u0161nje ljubavi, obiteljske tradicije i stoljetne masline koje okru\u017euju Hotel Annette obitelji Persi\u0107 sve se to spojilo kako bi se proizvelo zeleno-zlatno maslinovo ulje pod prepoznatljivim imenom <strong>Villa Annette Selection.<\/strong><\/p>\n<p>Na\u0161e najprepoznatljivije maslinovo ulje je na\u0161 brend zvan Essentia Mediterranea. Frantoio, Leccino i Bu\u017ea su dio ovog brenda. Maslinova ulja <strong>Villa Annette Selection<\/strong> su nezamjenjiv dodatak svim kulinarskim delikatesama.<\/p>\n<\/div><div class=\"gg-special-button-wrapper  special-button-align-left special-button-style-btn-primary\"><a class=\"btn btn-primary\" href=\"https:\/\/vaselection.comtrgovina\/\" title=\"Pogledajte\" target=\"_self\">Pogledajte<\/a><\/div>\n\t<\/div> [\/vc_column][vc_column width=&#8221;1\/2&#8243; css=&#8221;.vc_custom_1556998344355{padding: 0px !important;}&#8221;][vc_single_image image=&#8221;3973&#8243; img_size=&#8221;full&#8221; css=&#8221;.vc_custom_1590605267767{margin-bottom: 0px !important;}&#8221; el_class=&#8221;vs-div&#8221;][\/vc_column][\/vc_row][vc_row css=&#8221;.vc_custom_1591371123697{padding-top: 7em !important;padding-bottom: 10em !important;}&#8221;][vc_column css=&#8221;.vc_custom_1601561013875{margin-bottom: 1em !important;}&#8221;]\n\t<div class=\"title-subtitle-box  vc_custom_1601560995380\" style=\" text-align: center;\">\n\t\t<h1 style=\" font-style: normal;\" class=\"special-title\" >\n\t\t<span style=\"\">Explore<\/span>Na\u0161a pri\u010da<\/h1>\n\t\t<span class=\"gg-horizontal-line\"  ><\/span>\n\t\t<div class=\"box-description\"><p style=\"text-align: center;\">Imamo sjajnu ekipu koja se entuzijasti\u010dno i strastveno bavi maslinovim uljem<\/p>\n<\/div>\n\t<\/div> \n\t<div class=\"\">\n\t<div class=\"timeline\" data-autoplay=\"7000\">\n\t\t<div class=\"swiper-container timeline-contents\" >\n\t\t\t<div class=\"swiper-wrapper\"><div class=\"swiper-slide swiper-no-swiping\" data-year=\"2010\"><div class=\"timeline-slide-img\"><img loading=\"lazy\" decoding=\"async\" width=\"1136\" height=\"568\" src=\"https:\/\/vaselection.com\/wp-content\/uploads\/2020\/06\/villa-annette-selection-tko-smo-mi-03.jpg\" class=\"vc_single_image-img attachment-full\" alt=\"\" title=\"villa-annette-selection-tko-smo-mi-03\" srcset=\"https:\/\/vaselection.com\/wp-content\/uploads\/2020\/06\/villa-annette-selection-tko-smo-mi-03.jpg 1136w, https:\/\/vaselection.com\/wp-content\/uploads\/2020\/06\/villa-annette-selection-tko-smo-mi-03-300x150.jpg 300w, https:\/\/vaselection.com\/wp-content\/uploads\/2020\/06\/villa-annette-selection-tko-smo-mi-03-1024x512.jpg 1024w, https:\/\/vaselection.com\/wp-content\/uploads\/2020\/06\/villa-annette-selection-tko-smo-mi-03-768x384.jpg 768w\" sizes=\"(max-width: 1136px) 100vw, 1136px\" \/><\/div><div class=\"timeline-slide-content\"><div class=\"timeline-year\">2010<\/div><div class=\"timeline-title\"><span>Ideja<\/span>Jo\u0161 2010. godine ro\u0111ena je ideja proizvodnje maslinovog ulja na profesionalnoj razini. Kako bi to ostvarili morali smo donijeti odluku o pro\u0161irenju maslinika, izboru novih lokacija te zapo\u010deti cijeli postupak.<\/div><\/div><\/div><div class=\"swiper-slide swiper-no-swiping\" data-year=\"2011\"><div class=\"timeline-slide-img\"><img loading=\"lazy\" decoding=\"async\" width=\"1136\" height=\"568\" src=\"https:\/\/vaselection.com\/wp-content\/uploads\/2020\/06\/villa-annette-selection-tko-smo-mi-05.jpg\" class=\"vc_single_image-img attachment-full\" alt=\"\" title=\"villa-annette-selection-tko-smo-mi-05\" srcset=\"https:\/\/vaselection.com\/wp-content\/uploads\/2020\/06\/villa-annette-selection-tko-smo-mi-05.jpg 1136w, https:\/\/vaselection.com\/wp-content\/uploads\/2020\/06\/villa-annette-selection-tko-smo-mi-05-300x150.jpg 300w, https:\/\/vaselection.com\/wp-content\/uploads\/2020\/06\/villa-annette-selection-tko-smo-mi-05-1024x512.jpg 1024w, https:\/\/vaselection.com\/wp-content\/uploads\/2020\/06\/villa-annette-selection-tko-smo-mi-05-768x384.jpg 768w\" sizes=\"(max-width: 1136px) 100vw, 1136px\" \/><\/div><div class=\"timeline-slide-content\"><div class=\"timeline-year\">2011<\/div><div class=\"timeline-title\"><span>Prvo stablo<\/span>Godinu dana poslije iskopali smo prvu rupu i zasadili prvo drvo. Imali smo masline na drugoj lokaciji, ali ovo je bilo prvo na na\u0161em novom polju.<\/div><\/div><\/div><div class=\"swiper-slide swiper-no-swiping\" data-year=\"2012\"><div class=\"timeline-slide-img\"><img loading=\"lazy\" decoding=\"async\" width=\"1136\" height=\"568\" src=\"https:\/\/vaselection.com\/wp-content\/uploads\/2020\/06\/villa-annette-selection-tko-smo-mi-07.jpg\" class=\"vc_single_image-img attachment-full\" alt=\"\" title=\"villa-annette-selection-tko-smo-mi-07\" srcset=\"https:\/\/vaselection.com\/wp-content\/uploads\/2020\/06\/villa-annette-selection-tko-smo-mi-07.jpg 1136w, https:\/\/vaselection.com\/wp-content\/uploads\/2020\/06\/villa-annette-selection-tko-smo-mi-07-300x150.jpg 300w, https:\/\/vaselection.com\/wp-content\/uploads\/2020\/06\/villa-annette-selection-tko-smo-mi-07-1024x512.jpg 1024w, https:\/\/vaselection.com\/wp-content\/uploads\/2020\/06\/villa-annette-selection-tko-smo-mi-07-768x384.jpg 768w\" sizes=\"(max-width: 1136px) 100vw, 1136px\" \/><\/div><div class=\"timeline-slide-content\"><div class=\"timeline-year\">2012<\/div><div class=\"timeline-title\"><span>Rast<\/span>U nadolaze\u0107im godinama zasadili smo vi\u0161e od dva hektra zemlje s maslinama te kroz sve te godine pa\u017eljivo pazili na masline i vrijedno radili kako bi na\u0161e masline bile \u0161to kvalitetnije.<\/div><\/div><\/div><div class=\"swiper-slide swiper-no-swiping\" data-year=\"2016\"><div class=\"timeline-slide-img\"><img loading=\"lazy\" decoding=\"async\" width=\"1136\" height=\"568\" src=\"https:\/\/vaselection.com\/wp-content\/uploads\/2020\/06\/villa-annette-selection-tko-smo-mi-06.jpg\" class=\"vc_single_image-img attachment-full\" alt=\"\" title=\"villa-annette-selection-tko-smo-mi-06\" srcset=\"https:\/\/vaselection.com\/wp-content\/uploads\/2020\/06\/villa-annette-selection-tko-smo-mi-06.jpg 1136w, https:\/\/vaselection.com\/wp-content\/uploads\/2020\/06\/villa-annette-selection-tko-smo-mi-06-300x150.jpg 300w, https:\/\/vaselection.com\/wp-content\/uploads\/2020\/06\/villa-annette-selection-tko-smo-mi-06-1024x512.jpg 1024w, https:\/\/vaselection.com\/wp-content\/uploads\/2020\/06\/villa-annette-selection-tko-smo-mi-06-768x384.jpg 768w\" sizes=\"(max-width: 1136px) 100vw, 1136px\" \/><\/div><div class=\"timeline-slide-content\"><div class=\"timeline-year\">2016<\/div><div class=\"timeline-title\"><span>Prvi rezultati<\/span>Po\u010deli smo vidjeti prve rezultate na\u0161ih napora s kvalitetnim proizvodom i napokon smo dobili priliku vidjeti kakvo ulje dobivamo. Bili smo ugodno iznena\u0111eni rezultatima.<\/div><\/div><\/div><div class=\"swiper-slide swiper-no-swiping\" data-year=\"2019\"><div class=\"timeline-slide-img\"><img loading=\"lazy\" decoding=\"async\" width=\"1136\" height=\"568\" src=\"https:\/\/vaselection.com\/wp-content\/uploads\/2020\/06\/villa-annette-selection-tko-smo-mi-02.jpg\" class=\"vc_single_image-img attachment-full\" alt=\"\" title=\"villa-annette-selection-tko-smo-mi-02\" srcset=\"https:\/\/vaselection.com\/wp-content\/uploads\/2020\/06\/villa-annette-selection-tko-smo-mi-02.jpg 1136w, https:\/\/vaselection.com\/wp-content\/uploads\/2020\/06\/villa-annette-selection-tko-smo-mi-02-300x150.jpg 300w, https:\/\/vaselection.com\/wp-content\/uploads\/2020\/06\/villa-annette-selection-tko-smo-mi-02-1024x512.jpg 1024w, https:\/\/vaselection.com\/wp-content\/uploads\/2020\/06\/villa-annette-selection-tko-smo-mi-02-768x384.jpg 768w\" sizes=\"(max-width: 1136px) 100vw, 1136px\" \/><\/div><div class=\"timeline-slide-content\"><div class=\"timeline-year\">2019<\/div><div class=\"timeline-title\"><span>Odli\u010dan proizvod<\/span>Posljednjih nekoliko godina radili smo na usavr\u0161avanju proizvoda i u ovom trenutku proizvodimo 4 vrste maslinovog ulja koje se prodaju i poslu\u017euju u na\u0161em restoranu.<\/div><\/div><\/div><div class=\"swiper-slide swiper-no-swiping\" data-year=\"2020\"><div class=\"timeline-slide-img\"><img loading=\"lazy\" decoding=\"async\" width=\"1136\" height=\"568\" src=\"https:\/\/vaselection.com\/wp-content\/uploads\/2020\/06\/villa-annette-selection-tko-smo-mi-01.jpg\" class=\"vc_single_image-img attachment-full\" alt=\"\" title=\"villa-annette-selection-tko-smo-mi-01\" srcset=\"https:\/\/vaselection.com\/wp-content\/uploads\/2020\/06\/villa-annette-selection-tko-smo-mi-01.jpg 1136w, https:\/\/vaselection.com\/wp-content\/uploads\/2020\/06\/villa-annette-selection-tko-smo-mi-01-300x150.jpg 300w, https:\/\/vaselection.com\/wp-content\/uploads\/2020\/06\/villa-annette-selection-tko-smo-mi-01-1024x512.jpg 1024w, https:\/\/vaselection.com\/wp-content\/uploads\/2020\/06\/villa-annette-selection-tko-smo-mi-01-768x384.jpg 768w\" sizes=\"(max-width: 1136px) 100vw, 1136px\" \/><\/div><div class=\"timeline-slide-content\"><div class=\"timeline-year\">2020<\/div><div class=\"timeline-title\"><span>Pro\u0161irujemo se<\/span>Radimo na novoj web stranici i zapo\u010dinjemo internetsko poslovanje s izvozom vrhunskog maslinovog ulja i hotele i restorane \u0161irom Europe.<\/div><\/div><\/div>\n\t\t\t<\/div>\n\t\t\t<\/div><div class=\"timeline-pagination-container swiper-pagination-container\"><\/div>\n\t\t<div class=\"timeline-button-container swiper-nav-container\">\n\t\t<div id=\"btn-next-swiper-1640330553\" class=\"swiper-nav-next\"><svg id=\"swiper-arrow-right\" viewBox=\"0 0 50 12\" width=\"100%\" height=\"100%\"><path fill-rule=\"evenodd\" d=\"M48.078 6.096H.008v.966h48.07l-4.254 4.255.683.683 5.541-5.538L44.507.924l-.683.683z\"><\/path><\/svg><\/div>\n\t\t<div id=\"btn-prev-swiper-1640330553\" class=\"swiper-nav-prev\"><svg id=\"swiper-arrow-left\" viewBox=\"0 0 50 12\" width=\"100%\" height=\"100%\"><path fill-rule=\"evenodd\" d=\"M1.922 5.904h48.07v-.966H1.922L6.176.683 5.493 0-.048 5.538l5.541 5.538.683-.683z\"><\/path><\/svg><\/div>\n\t\t<\/div>\n\t<\/div>\n\t<\/div>[\/vc_column][\/vc_row][vc_row full_width=&#8221;stretch_row_content&#8221; css=&#8221;.vc_custom_1590730368612{padding-top: 7em !important;padding-right: 10% !important;padding-bottom: 4em !important;padding-left: 10% !important;background: #17181a url(https:\/\/vaselection.com\/wp-content\/uploads\/2020\/05\/Who_we_are_5-2.jpg?id=4033) !important;background-position: center !important;background-repeat: no-repeat !important;background-size: cover !important;}&#8221;][vc_column][vc_row_inner css=&#8221;.vc_custom_1558524456691{margin-bottom: 6em !important;}&#8221;][vc_column_inner width=&#8221;1\/4&#8243;][\/vc_column_inner][vc_column_inner width=&#8221;1\/2&#8243;]\n\t<div class=\"title-subtitle-box  \" style=\" text-align: center;\">\n\t\t<h1 style=\" color:#ffffff;  font-style: normal;\" class=\"special-title\" >Maslinici<\/h1>\n\t\t<div class=\"box-description\"><p style=\"text-align: center;\"><span style=\"color: #ffffff;\">Vjerujemo da je klju\u010d sjajnog maslinovog ulja timski rad, upravo zato smo sastavili tim s neusporedivim iskustvom i stra\u0161\u0107u.<\/span><\/p>\n<\/div>\n\t<\/div> [\/vc_column_inner][vc_column_inner width=&#8221;1\/4&#8243;][\/vc_column_inner][\/vc_row_inner][vc_row_inner css=&#8221;.vc_custom_1558525259003{padding-right: 5% !important;padding-left: 5% !important;}&#8221;][vc_column_inner width=&#8221;1\/2&#8243; offset=&#8221;vc_col-lg-4&#8243;]\n\t<div class=\"featured-image-box  text-align-center overlay_style_1  vc_custom_1593678188071\">\n\t\t<a class=\"wrapper-link\" href=\"https:\/\/vaselection.comproizvod\/essentia-mediterranea\/\" title=\"\" target=\"_self\"><\/a>\n\t\t<figure class=\"\">\n\t\t\t<div class=\"image-wrapper\">\n\t\t\t<img loading=\"lazy\" decoding=\"async\" width=\"570\" height=\"615\" src=\"https:\/\/vaselection.com\/wp-content\/uploads\/2020\/05\/Essentia-01.jpg\" class=\"vc_single_image-img attachment-full\" alt=\"\" title=\"Essentia-01\" srcset=\"https:\/\/vaselection.com\/wp-content\/uploads\/2020\/05\/Essentia-01.jpg 570w, https:\/\/vaselection.com\/wp-content\/uploads\/2020\/05\/Essentia-01-278x300.jpg 278w\" sizes=\"(max-width: 570px) 100vw, 570px\" \/>\n\t\t\t<\/div>\n\t\t<figcaption>\n\t\t\t<h4><span>Olive Oil<\/span> Essentia Mediterranea<\/h4>\n\t\t<span><svg viewBox=\"0 0 16 9\" class=\"featured-image-link-arrow\"><path fill=\"currentColor\" d=\"M10.964 3.953 L8.011 6.906 L8.011 6.228 L8.011 4.458 L0 4.458 L0 3.447 L8.011 3.447 L8.011 1.675 L8.011 1Z\"><\/path><\/svg><\/span>\n\t\t\t<a class=\"\" href=\"https:\/\/vaselection.comproizvod\/essentia-mediterranea\/\" title=\"\" target=\"_self\"><\/a>\n\t\t<\/figcaption>\n\t\t<\/figure>\n\t<\/div> [\/vc_column_inner][vc_column_inner width=&#8221;1\/2&#8243; offset=&#8221;vc_col-lg-4&#8243;]\n\t<div class=\"featured-image-box  text-align-center overlay_style_1  vc_custom_1593678196997\">\n\t\t<a class=\"wrapper-link\" href=\"https:\/\/vaselection.comproizvod\/frantoio\/\" title=\"\" target=\"_self\"><\/a>\n\t\t<figure class=\"\">\n\t\t\t<div class=\"image-wrapper\">\n\t\t\t<img loading=\"lazy\" decoding=\"async\" width=\"570\" height=\"615\" src=\"https:\/\/vaselection.com\/wp-content\/uploads\/2020\/05\/Frantoio-01.jpg\" class=\"vc_single_image-img attachment-full\" alt=\"\" title=\"Frantoio-01\" srcset=\"https:\/\/vaselection.com\/wp-content\/uploads\/2020\/05\/Frantoio-01.jpg 570w, https:\/\/vaselection.com\/wp-content\/uploads\/2020\/05\/Frantoio-01-278x300.jpg 278w\" sizes=\"(max-width: 570px) 100vw, 570px\" \/>\n\t\t\t<\/div>\n\t\t<figcaption>\n\t\t\t<h4><span>Olive Oil<\/span> Frantoio<\/h4>\n\t\t<span><svg viewBox=\"0 0 16 9\" class=\"featured-image-link-arrow\"><path fill=\"currentColor\" d=\"M10.964 3.953 L8.011 6.906 L8.011 6.228 L8.011 4.458 L0 4.458 L0 3.447 L8.011 3.447 L8.011 1.675 L8.011 1Z\"><\/path><\/svg><\/span>\n\t\t\t<a class=\"\" href=\"https:\/\/vaselection.comproizvod\/frantoio\/\" title=\"\" target=\"_self\"><\/a>\n\t\t<\/figcaption>\n\t\t<\/figure>\n\t<\/div> [\/vc_column_inner][vc_column_inner width=&#8221;1\/2&#8243; offset=&#8221;vc_col-lg-4&#8243;]\n\t<div class=\"featured-image-box  text-align-center overlay_style_1  vc_custom_1593678206072\">\n\t\t<a class=\"wrapper-link\" href=\"https:\/\/vaselection.comproizvod\/leccino-hr\/\" title=\"\" target=\"_self\"><\/a>\n\t\t<figure class=\"\">\n\t\t\t<div class=\"image-wrapper\">\n\t\t\t<img loading=\"lazy\" decoding=\"async\" width=\"570\" height=\"615\" src=\"https:\/\/vaselection.com\/wp-content\/uploads\/2020\/05\/Leccino-01.jpg\" class=\"vc_single_image-img attachment-full\" alt=\"\" title=\"Leccino-01\" srcset=\"https:\/\/vaselection.com\/wp-content\/uploads\/2020\/05\/Leccino-01.jpg 570w, https:\/\/vaselection.com\/wp-content\/uploads\/2020\/05\/Leccino-01-278x300.jpg 278w\" sizes=\"(max-width: 570px) 100vw, 570px\" \/>\n\t\t\t<\/div>\n\t\t<figcaption>\n\t\t\t<h4><span>Olive Oil<\/span> Leccino<\/h4>\n\t\t<span><svg viewBox=\"0 0 16 9\" class=\"featured-image-link-arrow\"><path fill=\"currentColor\" d=\"M10.964 3.953 L8.011 6.906 L8.011 6.228 L8.011 4.458 L0 4.458 L0 3.447 L8.011 3.447 L8.011 1.675 L8.011 1Z\"><\/path><\/svg><\/span>\n\t\t\t<a class=\"\" href=\"https:\/\/vaselection.comproizvod\/leccino-hr\/\" title=\"\" target=\"_self\"><\/a>\n\t\t<\/figcaption>\n\t\t<\/figure>\n\t<\/div> [\/vc_column_inner][\/vc_row_inner][\/vc_column][\/vc_row][vc_row full_width=&#8221;stretch_row&#8221; css=&#8221;.vc_custom_1558523403416{padding-bottom: 5em !important;background-color: #ffffff !important;}&#8221;][vc_column][vc_row_inner css=&#8221;.vc_custom_1558523167623{padding-top: 7em !important;padding-bottom: 7em !important;}&#8221;][vc_column_inner width=&#8221;1\/4&#8243;][\/vc_column_inner][vc_column_inner width=&#8221;1\/2&#8243;]\n\t<div class=\"title-subtitle-box  \" style=\" text-align: center;\">\n\t\t<h1 style=\" font-style: normal;\" class=\"special-title\" >\n\t\t<span style=\"\">Upoznajte<\/span>Tim<\/h1>\n\t\t<span class=\"gg-horizontal-line\"  ><\/span>\n\t\t<div class=\"box-description\"><p style=\"text-align: center;\">Imamo odli\u010dan tim koji se entuzijasti\u010dno i strastveno bavi maslinovim uljem<\/p>\n<\/div>\n\t<\/div> [\/vc_column_inner][vc_column_inner width=&#8221;1\/4&#8243;][\/vc_column_inner][\/vc_row_inner][vc_row_inner][vc_column_inner width=&#8221;1\/3&#8243;]\n\t<div class=\"team-member-box text-align-center\">\n\t\t<figure>\n\t\t\t<img loading=\"lazy\" decoding=\"async\" width=\"283\" height=\"300\" src=\"https:\/\/vaselection.com\/wp-content\/uploads\/2020\/06\/VP-283x300.png\" class=\"vc_single_image-img attachment-medium\" alt=\"\" title=\"VP\" srcset=\"https:\/\/vaselection.com\/wp-content\/uploads\/2020\/06\/VP-283x300.png 283w, https:\/\/vaselection.com\/wp-content\/uploads\/2020\/06\/VP.png 581w\" sizes=\"(max-width: 283px) 100vw, 283px\" \/>\n\t\t<figcaption>\n\t\t\t<div class=\"member-position\">Vlasnik<\/div> \n\t\t\t<h3>Vladimir Per\u0161i\u0107<\/h3>\n\t\t<\/figcaption>\n\t\t<\/figure>\n\t<\/div> [\/vc_column_inner][vc_column_inner width=&#8221;1\/3&#8243;]\n\t<div class=\"team-member-box text-align-center\">\n\t\t<figure>\n\t\t\t<img loading=\"lazy\" decoding=\"async\" width=\"249\" height=\"300\" src=\"https:\/\/vaselection.com\/wp-content\/uploads\/2020\/06\/DPJ-249x300.png\" class=\"vc_single_image-img attachment-medium\" alt=\"\" title=\"DPJ\" srcset=\"https:\/\/vaselection.com\/wp-content\/uploads\/2020\/06\/DPJ-249x300.png 249w, https:\/\/vaselection.com\/wp-content\/uploads\/2020\/06\/DPJ.png 511w\" sizes=\"(max-width: 249px) 100vw, 249px\" \/>\n\t\t<figcaption>\n\t\t\t<div class=\"member-position\">Generalni Menad\u017eer<\/div> \n\t\t\t<h3>Doris Per\u0161i\u0107<\/h3>\n\t\t<\/figcaption>\n\t\t<\/figure>\n\t<\/div> [\/vc_column_inner][vc_column_inner width=&#8221;1\/3&#8243;]\n\t<div class=\"team-member-box text-align-center\">\n\t\t<figure>\n\t\t\t<img loading=\"lazy\" decoding=\"async\" width=\"277\" height=\"300\" src=\"https:\/\/vaselection.com\/wp-content\/uploads\/2020\/06\/AP-277x300.png\" class=\"vc_single_image-img attachment-medium\" alt=\"\" title=\"AP\" srcset=\"https:\/\/vaselection.com\/wp-content\/uploads\/2020\/06\/AP-277x300.png 277w, https:\/\/vaselection.com\/wp-content\/uploads\/2020\/06\/AP.png 567w\" sizes=\"(max-width: 277px) 100vw, 277px\" \/>\n\t\t<figcaption>\n\t\t\t<div class=\"member-position\">Operacijski Menad\u017eer<\/div> \n\t\t\t<h3>Antonio Per\u0161i\u0107<\/h3>\n\t\t<\/figcaption>\n\t\t<\/figure>\n\t<\/div> [\/vc_column_inner][\/vc_row_inner][\/vc_column][\/vc_row]<\/p>\n<\/div>","protected":false},"excerpt":{"rendered":"<p>[vc_row equal_height=&#8221;yes&#8221; rtl_reverse=&#8221;yes&#8221; css=&#8221;.vc_custom_1601576652621{padding-top: 7em !important;padding-bottom: 7em !important;}&#8221; el_id=&#8221;desktop-only&#8221;][vc_column width=&#8221;1\/2&#8243; css=&#8221;.vc_custom_1556998344355{padding: 0px !important;}&#8221;][vc_single_image image=&#8221;3973&#8243; img_size=&#8221;full&#8221; css=&#8221;.vc_custom_1590605267767{margin-bottom: 0px !important;}&#8221; el_class=&#8221;vs-div&#8221;][\/vc_column][vc_column width=&#8221;1\/2&#8243; css=&#8221;.vc_custom_1603724480862{padding-top: 15% !important;padding-right: 15% !important;padding-bottom: 15% !important;padding-left: 15% !important;}&#8221;][\/vc_column][\/vc_row][vc_row equal_height=&#8221;yes&#8221; rtl_reverse=&#8221;yes&#8221; el_id=&#8221;mobile-only&#8221;][vc_column width=&#8221;1\/2&#8243; css=&#8221;.vc_custom_1601561463471{padding-top: 15% !important;padding-right: 15% !important;padding-bottom: 15% !important;padding-left: 15% !important;background: #ffffff url(https:\/\/vaselection.com\/wp-content\/uploads\/2020\/10\/logooliveoil1-Converted.png?id=4695) !important;}&#8221;][\/vc_column][vc_column width=&#8221;1\/2&#8243; css=&#8221;.vc_custom_1556998344355{padding: 0px !important;}&#8221;][vc_single_image image=&#8221;3973&#8243; img_size=&#8221;full&#8221; css=&#8221;.vc_custom_1590605267767{margin-bottom: 0px !important;}&#8221; el_class=&#8221;vs-div&#8221;][\/vc_column][\/vc_row][vc_row<\/p>\n<p class=\"more-link-wrapper\"><a class=\"btn btn-primary\" href=\"https:\/\/vaselection.com\/hr\/tko-smo-mi\/\">Saznaj vi\u0161e<\/a><\/p>\n","protected":false},"author":41,"featured_media":0,"parent":0,"menu_order":0,"comment_status":"closed","ping_status":"closed","template":"","meta":{"footnotes":""},"yst_prominent_words":[180,199,197,194,204,203,200,201,196,202,184,198,195,206,205,144,185,179,121,120],"_links":{"self":[{"href":"https:\/\/vaselection.com\/hr\/wp-json\/wp\/v2\/pages\/4212"}],"collection":[{"href":"https:\/\/vaselection.com\/hr\/wp-json\/wp\/v2\/pages"}],"about":[{"href":"https:\/\/vaselection.com\/hr\/wp-json\/wp\/v2\/types\/page"}],"author":[{"embeddable":true,"href":"https:\/\/vaselection.com\/hr\/wp-json\/wp\/v2\/users\/41"}],"replies":[{"embeddable":true,"href":"https:\/\/vaselection.com\/hr\/wp-json\/wp\/v2\/comments?post=4212"}],"version-history":[{"count":0,"href":"https:\/\/vaselection.com\/hr\/wp-json\/wp\/v2\/pages\/4212\/revisions"}],"wp:attachment":[{"href":"https:\/\/vaselection.com\/hr\/wp-json\/wp\/v2\/media?parent=4212"}],"wp:term":[{"taxonomy":"yst_prominent_words","embeddable":true,"href":"https:\/\/vaselection.com\/hr\/wp-json\/wp\/v2\/yst_prominent_words?post=4212"}],"curies":[{"name":"wp","href":"https:\/\/api.w.org\/{rel}","templated":true}]}}