{"id":4177,"date":"2019-02-04T12:14:17","date_gmt":"2019-02-04T12:14:17","guid":{"rendered":"https:\/\/vaselection.com\/product\/frantoio\/"},"modified":"2026-02-17T09:00:45","modified_gmt":"2026-02-17T08:00:45","slug":"frantoio","status":"publish","type":"product","link":"https:\/\/vaselection.com\/hr\/proizvod\/frantoio\/","title":{"rendered":"Frantoio"},"content":{"rendered":"<div class=\"wpb-content-wrapper\"><p>[vc_row css=&#8221;.vc_custom_1557829989576{padding-bottom: 8em !important;}&#8221;][vc_column]\n\t<div class=\"title-subtitle-box  vc_custom_1590420940313\" style=\" text-align: center;\">\n\t\t<h5 style=\" font-style: normal;\" class=\"special-title\" >Produced with love, family traditions and centuries-old olive trees<\/h5>\n\t<\/div> [vc_row_inner equal_height=&#8221;yes&#8221; content_placement=&#8221;middle&#8221; css=&#8221;.vc_custom_1557830079109{margin-bottom: 0px !important;padding-top: 8em !important;}&#8221;][vc_column_inner width=&#8221;1\/2&#8243; css=&#8221;.vc_custom_1557830011569{padding: 0px !important;}&#8221;][vc_single_image image=&#8221;3891&#8243; img_size=&#8221;full&#8221; css=&#8221;.vc_custom_1590420947335{margin-bottom: 0px !important;}&#8221;][\/vc_column_inner][vc_column_inner width=&#8221;1\/2&#8243; css=&#8221;.vc_custom_1556093129663{padding: 15% !important;background-color: #ffffff !important;}&#8221;]\n\t<div class=\"title-subtitle-box  \" style=\" text-align: left;\">\n\t\t<h1 style=\" font-style: normal;\" class=\"special-title\" >\n\t\t<span style=\"\">Oil specs<\/span>Tasting notes<\/h1>\n\t\t<span class=\"gg-horizontal-line\"  ><\/span>\n\t\t<div class=\"box-description\"><p>Za\u010dinjeno ulje svijetlo zelene boje s vo\u0107nim okusom kojim dominiraju okusi zelenih maslina, badema i aromati\u010dnog bilja.<\/p>\n<\/div>\n\t<\/div> [\/vc_column_inner][\/vc_row_inner][vc_row_inner equal_height=&#8221;yes&#8221; content_placement=&#8221;middle&#8221;][vc_column_inner width=&#8221;1\/2&#8243; css=&#8221;.vc_custom_1557830097099{padding-top: 15% !important;padding-right: 15% !important;padding-bottom: 15% !important;padding-left: 15% !important;background-color: #ffffff !important;}&#8221;]\n\t<div class=\"title-subtitle-box  \" style=\" text-align: left;\">\n\t\t<h1 style=\" font-style: normal;\" class=\"special-title\" >\n\t\t<span style=\"\">Oil specs<\/span>Food pairings<\/h1>\n\t\t<span class=\"gg-horizontal-line\"  ><\/span>\n\t\t<div class=\"box-description\"><p>Idealan je dodatak namirnicama intenzivnog okusa i mirisa, poput crvenog mesa, divlja\u010di, foie grasa i svje\u017eeg sira.<\/p>\n<\/div>\n\t<\/div> [\/vc_column_inner][vc_column_inner width=&#8221;1\/2&#8243; css=&#8221;.vc_custom_1557830102715{padding-top: 0px !important;padding-right: 0px !important;padding-bottom: 0px !important;padding-left: 0px !important;}&#8221;][vc_single_image image=&#8221;3892&#8243; img_size=&#8221;full&#8221; css=&#8221;.vc_custom_1590420954693{margin-bottom: 0px !important;}&#8221;][\/vc_column_inner][\/vc_row_inner][\/vc_column][\/vc_row]<\/p>\n<\/div>","protected":false},"excerpt":{"rendered":"<p>Za\u010dinjeno ulje svijetlo zelene boje s vo\u0107nim okusom kojim dominiraju okusi zelenih maslina, badema i aromati\u010dnog bilja. Blago u pogledu gor\u010dine. Idealan je dodatak namirnicama intenzivnog okusa i mirisa, poput crvenog mesa, divlja\u010di, foie grasa i svje\u017eeg sira.<\/p>\n","protected":false},"featured_media":4138,"comment_status":"open","ping_status":"closed","template":"","meta":[],"product_cat":[217],"product_tag":[],"yst_prominent_words":[],"_links":{"self":[{"href":"https:\/\/vaselection.com\/hr\/wp-json\/wp\/v2\/product\/4177"}],"collection":[{"href":"https:\/\/vaselection.com\/hr\/wp-json\/wp\/v2\/product"}],"about":[{"href":"https:\/\/vaselection.com\/hr\/wp-json\/wp\/v2\/types\/product"}],"replies":[{"embeddable":true,"href":"https:\/\/vaselection.com\/hr\/wp-json\/wp\/v2\/comments?post=4177"}],"wp:featuredmedia":[{"embeddable":true,"href":"https:\/\/vaselection.com\/hr\/wp-json\/wp\/v2\/media\/4138"}],"wp:attachment":[{"href":"https:\/\/vaselection.com\/hr\/wp-json\/wp\/v2\/media?parent=4177"}],"wp:term":[{"taxonomy":"product_cat","embeddable":true,"href":"https:\/\/vaselection.com\/hr\/wp-json\/wp\/v2\/product_cat?post=4177"},{"taxonomy":"product_tag","embeddable":true,"href":"https:\/\/vaselection.com\/hr\/wp-json\/wp\/v2\/product_tag?post=4177"},{"taxonomy":"yst_prominent_words","embeddable":true,"href":"https:\/\/vaselection.com\/hr\/wp-json\/wp\/v2\/yst_prominent_words?post=4177"}],"curies":[{"name":"wp","href":"https:\/\/api.w.org\/{rel}","templated":true}]}}