{"id":4179,"date":"2019-02-04T12:08:01","date_gmt":"2019-02-04T12:08:01","guid":{"rendered":"https:\/\/vaselection.com\/product\/essentia-mediterranea\/"},"modified":"2026-03-01T09:22:17","modified_gmt":"2026-03-01T08:22:17","slug":"essentia-mediterranea","status":"publish","type":"product","link":"https:\/\/vaselection.com\/hr\/proizvod\/essentia-mediterranea\/","title":{"rendered":"Essentia Mediterranea"},"content":{"rendered":"<div class=\"wpb-content-wrapper\"><p>[vc_row css=&#8221;.vc_custom_1557829989576{padding-bottom: 8em !important;}&#8221;][vc_column]\n\t<div class=\"title-subtitle-box  vc_custom_1590420594740\" style=\" text-align: center;\">\n\t\t<h5 style=\" font-style: normal;\" class=\"special-title\" >Produced with love, family traditions and centuries-old olive trees<\/h5>\n\t<\/div> [vc_row_inner equal_height=&#8221;yes&#8221; content_placement=&#8221;middle&#8221; css=&#8221;.vc_custom_1557830079109{margin-bottom: 0px !important;padding-top: 8em !important;}&#8221;][vc_column_inner width=&#8221;1\/2&#8243; css=&#8221;.vc_custom_1557830011569{padding: 0px !important;}&#8221;][vc_single_image image=&#8221;3891&#8243; img_size=&#8221;full&#8221; css=&#8221;.vc_custom_1590420603824{margin-bottom: 0px !important;}&#8221;][\/vc_column_inner][vc_column_inner width=&#8221;1\/2&#8243; css=&#8221;.vc_custom_1556093129663{padding: 15% !important;background-color: #ffffff !important;}&#8221;]\n\t<div class=\"title-subtitle-box  \" style=\" text-align: left;\">\n\t\t<h1 style=\" font-style: normal;\" class=\"special-title\" >\n\t\t<span style=\"\">Oil specs<\/span>Tasting notes<\/h1>\n\t\t<span class=\"gg-horizontal-line\"  ><\/span>\n\t\t<div class=\"box-description\"><p>Harmoni\u010dni spoj istarskih sorti, blago gorkog i za\u010dinjenog s izra\u017eenim skladom mediteranskih boja, mirisa i okusa.<\/p>\n<\/div>\n\t<\/div> [\/vc_column_inner][\/vc_row_inner][vc_row_inner equal_height=&#8221;yes&#8221; content_placement=&#8221;middle&#8221;][vc_column_inner width=&#8221;1\/2&#8243; css=&#8221;.vc_custom_1557830097099{padding-top: 15% !important;padding-right: 15% !important;padding-bottom: 15% !important;padding-left: 15% !important;background-color: #ffffff !important;}&#8221;]\n\t<div class=\"title-subtitle-box  \" style=\" text-align: left;\">\n\t\t<h1 style=\" font-style: normal;\" class=\"special-title\" >\n\t\t<span style=\"\">Oil specs<\/span>Food pairings<\/h1>\n\t\t<span class=\"gg-horizontal-line\"  ><\/span>\n\t\t<div class=\"box-description\"><p>Idealno u kombinaciji s hranom niskog intenziteta poput ribe, povr\u0107a, salata i istarske juhe. Zapravo, uklapa se sa svom hranom iz mediteranske kuhinje koja ima izra\u017eenu aromu.<\/p>\n<\/div>\n\t<\/div> [\/vc_column_inner][vc_column_inner width=&#8221;1\/2&#8243; css=&#8221;.vc_custom_1557830102715{padding-top: 0px !important;padding-right: 0px !important;padding-bottom: 0px !important;padding-left: 0px !important;}&#8221;][vc_single_image image=&#8221;3892&#8243; img_size=&#8221;full&#8221; css=&#8221;.vc_custom_1590420612132{margin-bottom: 0px !important;}&#8221;][\/vc_column_inner][\/vc_row_inner][\/vc_column][\/vc_row]<\/p>\n<\/div>","protected":false},"excerpt":{"rendered":"<p>Harmoni\u010dni spoj istarskih sorti, blago gorkog i za\u010dinjenog s izra\u017eenim skladom mediteranskih boja, mirisa i okusa. Idealno u kombinaciji s hranom niskog intenziteta poput ribe, povr\u0107a, salata i istarske juhe. Zapravo, uklapa se sa svom hranom iz mediteranske kuhinje koja ima izra\u017eenu aromu.<\/p>\n","protected":false},"featured_media":4139,"comment_status":"open","ping_status":"closed","template":"","meta":[],"product_cat":[217],"product_tag":[],"yst_prominent_words":[],"_links":{"self":[{"href":"https:\/\/vaselection.com\/hr\/wp-json\/wp\/v2\/product\/4179"}],"collection":[{"href":"https:\/\/vaselection.com\/hr\/wp-json\/wp\/v2\/product"}],"about":[{"href":"https:\/\/vaselection.com\/hr\/wp-json\/wp\/v2\/types\/product"}],"replies":[{"embeddable":true,"href":"https:\/\/vaselection.com\/hr\/wp-json\/wp\/v2\/comments?post=4179"}],"wp:featuredmedia":[{"embeddable":true,"href":"https:\/\/vaselection.com\/hr\/wp-json\/wp\/v2\/media\/4139"}],"wp:attachment":[{"href":"https:\/\/vaselection.com\/hr\/wp-json\/wp\/v2\/media?parent=4179"}],"wp:term":[{"taxonomy":"product_cat","embeddable":true,"href":"https:\/\/vaselection.com\/hr\/wp-json\/wp\/v2\/product_cat?post=4179"},{"taxonomy":"product_tag","embeddable":true,"href":"https:\/\/vaselection.com\/hr\/wp-json\/wp\/v2\/product_tag?post=4179"},{"taxonomy":"yst_prominent_words","embeddable":true,"href":"https:\/\/vaselection.com\/hr\/wp-json\/wp\/v2\/yst_prominent_words?post=4179"}],"curies":[{"name":"wp","href":"https:\/\/api.w.org\/{rel}","templated":true}]}}