{"id":5421,"date":"2023-11-22T10:01:05","date_gmt":"2023-11-22T09:01:05","guid":{"rendered":"https:\/\/vaselection.com\/?post_type=product&#038;p=5421"},"modified":"2023-11-22T10:05:45","modified_gmt":"2023-11-22T09:05:45","slug":"essentia-mediterranea-i-matiska-refosk","status":"publish","type":"product","link":"https:\/\/vaselection.com\/hr\/proizvod\/essentia-mediterranea-i-matiska-refosk\/","title":{"rendered":"Essentia Mediterranea i Mati\u0161ka Refo\u0161k"},"content":{"rendered":"","protected":false},"excerpt":{"rendered":"<p>Blend maslinovog ulja i Refo\u0161k lijepe rubinske boje prijat ce uz doma\u0107u tjesteninu sa \u0161ugom od divlja\u010di<\/p>\n","protected":false},"featured_media":5423,"comment_status":"open","ping_status":"closed","template":"","meta":[],"product_cat":[217],"product_tag":[],"yst_prominent_words":[],"_links":{"self":[{"href":"https:\/\/vaselection.com\/hr\/wp-json\/wp\/v2\/product\/5421"}],"collection":[{"href":"https:\/\/vaselection.com\/hr\/wp-json\/wp\/v2\/product"}],"about":[{"href":"https:\/\/vaselection.com\/hr\/wp-json\/wp\/v2\/types\/product"}],"replies":[{"embeddable":true,"href":"https:\/\/vaselection.com\/hr\/wp-json\/wp\/v2\/comments?post=5421"}],"wp:featuredmedia":[{"embeddable":true,"href":"https:\/\/vaselection.com\/hr\/wp-json\/wp\/v2\/media\/5423"}],"wp:attachment":[{"href":"https:\/\/vaselection.com\/hr\/wp-json\/wp\/v2\/media?parent=5421"}],"wp:term":[{"taxonomy":"product_cat","embeddable":true,"href":"https:\/\/vaselection.com\/hr\/wp-json\/wp\/v2\/product_cat?post=5421"},{"taxonomy":"product_tag","embeddable":true,"href":"https:\/\/vaselection.com\/hr\/wp-json\/wp\/v2\/product_tag?post=5421"},{"taxonomy":"yst_prominent_words","embeddable":true,"href":"https:\/\/vaselection.com\/hr\/wp-json\/wp\/v2\/yst_prominent_words?post=5421"}],"curies":[{"name":"wp","href":"https:\/\/api.w.org\/{rel}","templated":true}]}}