{"id":5430,"date":"2023-11-22T10:10:52","date_gmt":"2023-11-22T09:10:52","guid":{"rendered":"https:\/\/vaselection.com\/?post_type=product&#038;p=5430"},"modified":"2024-06-28T23:27:21","modified_gmt":"2024-06-28T21:27:21","slug":"radovan-merlot-i-matiska-refosk","status":"publish","type":"product","link":"https:\/\/vaselection.com\/hr\/proizvod\/radovan-merlot-i-matiska-refosk\/","title":{"rendered":"Radovan Merlot i Matiska Refo\u0161k"},"content":{"rendered":"","protected":false},"excerpt":{"rendered":"<p>Za duge degustacijske ve\u010deri sa vi\u0161e slijedova uz pratnju Refo\u0161ka uz njoke sa divlja\u010di i Merlota za teletinu ispod peke<\/p>\n","protected":false},"featured_media":5432,"comment_status":"open","ping_status":"closed","template":"","meta":[],"product_cat":[217],"product_tag":[],"yst_prominent_words":[],"_links":{"self":[{"href":"https:\/\/vaselection.com\/hr\/wp-json\/wp\/v2\/product\/5430"}],"collection":[{"href":"https:\/\/vaselection.com\/hr\/wp-json\/wp\/v2\/product"}],"about":[{"href":"https:\/\/vaselection.com\/hr\/wp-json\/wp\/v2\/types\/product"}],"replies":[{"embeddable":true,"href":"https:\/\/vaselection.com\/hr\/wp-json\/wp\/v2\/comments?post=5430"}],"wp:featuredmedia":[{"embeddable":true,"href":"https:\/\/vaselection.com\/hr\/wp-json\/wp\/v2\/media\/5432"}],"wp:attachment":[{"href":"https:\/\/vaselection.com\/hr\/wp-json\/wp\/v2\/media?parent=5430"}],"wp:term":[{"taxonomy":"product_cat","embeddable":true,"href":"https:\/\/vaselection.com\/hr\/wp-json\/wp\/v2\/product_cat?post=5430"},{"taxonomy":"product_tag","embeddable":true,"href":"https:\/\/vaselection.com\/hr\/wp-json\/wp\/v2\/product_tag?post=5430"},{"taxonomy":"yst_prominent_words","embeddable":true,"href":"https:\/\/vaselection.com\/hr\/wp-json\/wp\/v2\/yst_prominent_words?post=5430"}],"curies":[{"name":"wp","href":"https:\/\/api.w.org\/{rel}","templated":true}]}}