{"id":5434,"date":"2023-11-22T10:13:19","date_gmt":"2023-11-22T09:13:20","guid":{"rendered":"https:\/\/vaselection.com\/?post_type=product&#038;p=5434"},"modified":"2025-04-10T23:36:16","modified_gmt":"2025-04-10T21:36:16","slug":"radovan-rose-i-sauvignon-blanc","status":"publish","type":"product","link":"https:\/\/vaselection.com\/hr\/proizvod\/radovan-rose-i-sauvignon-blanc\/","title":{"rendered":"Radovan Rose i Sauvignon blanc"},"content":{"rendered":"","protected":false},"excerpt":{"rendered":"<p>Poslu\u017eite Rose kao aperitiv nedjeljnom ru\u010dku, a iznenadite goste sa tagliatelama sa plodovima mora uz harmoni\u010dan Sauvignon blanc<\/p>\n","protected":false},"featured_media":5436,"comment_status":"open","ping_status":"closed","template":"","meta":[],"product_cat":[217],"product_tag":[],"yst_prominent_words":[],"_links":{"self":[{"href":"https:\/\/vaselection.com\/hr\/wp-json\/wp\/v2\/product\/5434"}],"collection":[{"href":"https:\/\/vaselection.com\/hr\/wp-json\/wp\/v2\/product"}],"about":[{"href":"https:\/\/vaselection.com\/hr\/wp-json\/wp\/v2\/types\/product"}],"replies":[{"embeddable":true,"href":"https:\/\/vaselection.com\/hr\/wp-json\/wp\/v2\/comments?post=5434"}],"wp:featuredmedia":[{"embeddable":true,"href":"https:\/\/vaselection.com\/hr\/wp-json\/wp\/v2\/media\/5436"}],"wp:attachment":[{"href":"https:\/\/vaselection.com\/hr\/wp-json\/wp\/v2\/media?parent=5434"}],"wp:term":[{"taxonomy":"product_cat","embeddable":true,"href":"https:\/\/vaselection.com\/hr\/wp-json\/wp\/v2\/product_cat?post=5434"},{"taxonomy":"product_tag","embeddable":true,"href":"https:\/\/vaselection.com\/hr\/wp-json\/wp\/v2\/product_tag?post=5434"},{"taxonomy":"yst_prominent_words","embeddable":true,"href":"https:\/\/vaselection.com\/hr\/wp-json\/wp\/v2\/yst_prominent_words?post=5434"}],"curies":[{"name":"wp","href":"https:\/\/api.w.org\/{rel}","templated":true}]}}