{"id":5441,"date":"2023-11-22T10:19:36","date_gmt":"2023-11-22T09:19:37","guid":{"rendered":"https:\/\/vaselection.com\/?post_type=product&#038;p=5441"},"modified":"2024-06-29T02:02:33","modified_gmt":"2024-06-29T00:02:33","slug":"essentia-mediterranea-i-leccino","status":"publish","type":"product","link":"https:\/\/vaselection.com\/hr\/proizvod\/essentia-mediterranea-i-leccino\/","title":{"rendered":"Essentia Mediterranea i Leccino"},"content":{"rendered":"","protected":false},"excerpt":{"rendered":"<p><strong>Essentia Mediterranea:<\/strong> Harmoni\u010dni spoj istarskih sorti, blago gorkog i za\u010dinjenog s izra\u017eenim skladom mediteranskih boja, mirisa i okusa. Idealno u kombinaciji s hranom niskog intenziteta poput ribe, povr\u0107a, salata i istarske juhe. Zapravo, uklapa se sa svom hranom iz mediteranske kuhinje koja ima izra\u017eenu aromu.<\/p>\n<p><strong>Leccino:<\/strong>Harmoni\u010dno ulje tamnozelene boje, svje\u017ee i svijetlo. Miris i okus su mje\u0161avina maslina i aromati\u010dnog bilja. Ulje je vrlo blago u pogledu gor\u010dine i za\u010dinjenosti. Idealno je za kombiniranje nje\u017enih okusa sirove ribe, morske hrane, mediteranskog vo\u0107a i povr\u0107a, sladoleda od vanilije i svje\u017eeg sira.<\/p>\n","protected":false},"featured_media":5438,"comment_status":"open","ping_status":"closed","template":"","meta":[],"product_cat":[217],"product_tag":[],"yst_prominent_words":[],"_links":{"self":[{"href":"https:\/\/vaselection.com\/hr\/wp-json\/wp\/v2\/product\/5441"}],"collection":[{"href":"https:\/\/vaselection.com\/hr\/wp-json\/wp\/v2\/product"}],"about":[{"href":"https:\/\/vaselection.com\/hr\/wp-json\/wp\/v2\/types\/product"}],"replies":[{"embeddable":true,"href":"https:\/\/vaselection.com\/hr\/wp-json\/wp\/v2\/comments?post=5441"}],"wp:featuredmedia":[{"embeddable":true,"href":"https:\/\/vaselection.com\/hr\/wp-json\/wp\/v2\/media\/5438"}],"wp:attachment":[{"href":"https:\/\/vaselection.com\/hr\/wp-json\/wp\/v2\/media?parent=5441"}],"wp:term":[{"taxonomy":"product_cat","embeddable":true,"href":"https:\/\/vaselection.com\/hr\/wp-json\/wp\/v2\/product_cat?post=5441"},{"taxonomy":"product_tag","embeddable":true,"href":"https:\/\/vaselection.com\/hr\/wp-json\/wp\/v2\/product_tag?post=5441"},{"taxonomy":"yst_prominent_words","embeddable":true,"href":"https:\/\/vaselection.com\/hr\/wp-json\/wp\/v2\/yst_prominent_words?post=5441"}],"curies":[{"name":"wp","href":"https:\/\/api.w.org\/{rel}","templated":true}]}}